{"id":12,"date":"2024-06-07T10:30:52","date_gmt":"2024-06-07T10:30:52","guid":{"rendered":"https:\/\/xaketxo.rkinformatika.online\/?page_id=12"},"modified":"2024-07-02T16:16:34","modified_gmt":"2024-07-02T16:16:34","slug":"origen","status":"publish","type":"page","link":"https:\/\/xaketxo.com\/eus\/origen\/","title":{"rendered":"Jatorria"},"content":{"rendered":"<style>.elementor-12 .elementor-element.elementor-element-7c67e62b > .elementor-container{max-width:1190px;}.elementor-12 .elementor-element.elementor-element-7c67e62b:not(.elementor-motion-effects-element-type-background), .elementor-12 .elementor-element.elementor-element-7c67e62b > .elementor-motion-effects-container > .elementor-motion-effects-layer{background-image:url(\"https:\/\/xaketxo.com\/wp-content\/uploads\/2024\/06\/chess-pieces-on-the-chessboard-1-e1650444454832.jpg\");background-position:center center;background-repeat:no-repeat;background-size:cover;}.elementor-12 .elementor-element.elementor-element-7c67e62b > .elementor-background-overlay{background-color:var( --e-global-color-secondary );opacity:0.6;transition:background 0.3s, border-radius 0.3s, opacity 0.3s;}.elementor-12 .elementor-element.elementor-element-7c67e62b{transition:background 0.3s, border 0.3s, border-radius 0.3s, box-shadow 0.3s;padding:220px 0px 150px 0px;}.elementor-12 .elementor-element.elementor-element-7c67e62b > .elementor-shape-bottom svg{height:80px;}.elementor-12 .elementor-element.elementor-element-7c38764{text-align:center;}.elementor-12 .elementor-element.elementor-element-7c38764 .elementor-heading-title{font-family:var( --e-global-typography-secondary-font-family ), Sans-serif;font-weight:var( --e-global-typography-secondary-font-weight );color:#FFFFFF;}.elementor-12 .elementor-element.elementor-element-47f5e790 .elementor-icon-list-items:not(.elementor-inline-items) .elementor-icon-list-item:not(:last-child){padding-block-end:calc(10px\/2);}.elementor-12 .elementor-element.elementor-element-47f5e790 .elementor-icon-list-items:not(.elementor-inline-items) .elementor-icon-list-item:not(:first-child){margin-block-start:calc(10px\/2);}.elementor-12 .elementor-element.elementor-element-47f5e790 .elementor-icon-list-items.elementor-inline-items .elementor-icon-list-item{margin-inline:calc(10px\/2);}.elementor-12 .elementor-element.elementor-element-47f5e790 .elementor-icon-list-items.elementor-inline-items{margin-inline:calc(-10px\/2);}.elementor-12 .elementor-element.elementor-element-47f5e790 .elementor-icon-list-items.elementor-inline-items .elementor-icon-list-item:after{inset-inline-end:calc(-10px\/2);}.elementor-12 .elementor-element.elementor-element-47f5e790 .elementor-icon-list-icon i{color:#FF001E;transition:color 0.3s;}.elementor-12 .elementor-element.elementor-element-47f5e790 .elementor-icon-list-icon svg{fill:#FF001E;transition:fill 0.3s;}.elementor-12 .elementor-element.elementor-element-47f5e790{--e-icon-list-icon-size:14px;--icon-vertical-offset:0px;}.elementor-12 .elementor-element.elementor-element-47f5e790 .elementor-icon-list-icon{padding-inline-end:10px;}.elementor-12 .elementor-element.elementor-element-47f5e790 .elementor-icon-list-text{color:#FFFFFF;transition:color 0.3s;}.elementor-12 .elementor-element.elementor-element-47f5e790 .elementor-icon-list-item:hover .elementor-icon-list-text{color:#FF0000;}.elementor-12 .elementor-element.elementor-element-17dcb479{margin-top:50px;margin-bottom:50px;}.elementor-bc-flex-widget .elementor-12 .elementor-element.elementor-element-7116c572.elementor-column .elementor-widget-wrap{align-items:center;}.elementor-12 .elementor-element.elementor-element-7116c572.elementor-column.elementor-element[data-element_type=\"column\"] > .elementor-widget-wrap.elementor-element-populated{align-content:center;align-items:center;}.elementor-12 .elementor-element.elementor-element-7116c572.elementor-column > .elementor-widget-wrap{justify-content:flex-start;}.elementor-12 .elementor-element.elementor-element-7116c572 > .elementor-element-populated{padding:10% 15% 10% 15%;}.elementor-12 .elementor-element.elementor-element-113d63eb .jeg-elementor-kit.jkit-heading .heading-section-description{max-width:80%;color:#000000;font-family:var( --e-global-typography-text-font-family ), Sans-serif;font-weight:var( --e-global-typography-text-font-weight );}.elementor-12 .elementor-element.elementor-element-113d63eb .jeg-elementor-kit.jkit-heading{text-align:center;}.elementor-12 .elementor-element.elementor-element-113d63eb .jeg-elementor-kit.jkit-heading .heading-title{font-family:var( --e-global-typography-secondary-font-family ), Sans-serif;font-weight:var( --e-global-typography-secondary-font-weight );color:#000000;}.elementor-12 .elementor-element.elementor-element-113d63eb .jeg-elementor-kit.jkit-heading .heading-section-title{margin:0px 0px 20px 0px;}.elementor-12 .elementor-element.elementor-element-113d63eb .jeg-elementor-kit.jkit-heading .heading-title > span{color:var( --e-global-color-primary );font-family:\"Cormorant Garamond\", Sans-serif;font-size:60px;font-weight:700;}.elementor-12 .elementor-element.elementor-element-113d63eb .jeg-elementor-kit.jkit-heading .heading-section-subtitle{color:var( --e-global-color-primary );}.elementor-12 .elementor-element.elementor-element-113d63eb{z-index:1;}.elementor-bc-flex-widget .elementor-12 .elementor-element.elementor-element-76f73694.elementor-column .elementor-widget-wrap{align-items:center;}.elementor-12 .elementor-element.elementor-element-76f73694.elementor-column.elementor-element[data-element_type=\"column\"] > .elementor-widget-wrap.elementor-element-populated{align-content:center;align-items:center;}.elementor-12 .elementor-element.elementor-element-76f73694.elementor-column > .elementor-widget-wrap{justify-content:flex-end;}.elementor-12 .elementor-element.elementor-element-76f73694:not(.elementor-motion-effects-element-type-background) > .elementor-widget-wrap, .elementor-12 .elementor-element.elementor-element-76f73694 > .elementor-widget-wrap > .elementor-motion-effects-container > .elementor-motion-effects-layer{background-image:url(\"https:\/\/xaketxo.com\/wp-content\/uploads\/2024\/06\/schoolchildren-playing-chess-e1650445599468.jpg\");background-position:center center;background-repeat:no-repeat;background-size:cover;}.elementor-12 .elementor-element.elementor-element-76f73694 > .elementor-element-populated{transition:background 0.3s, border 0.3s, border-radius 0.3s, box-shadow 0.3s;}.elementor-12 .elementor-element.elementor-element-76f73694 > .elementor-element-populated > .elementor-background-overlay{transition:background 0.3s, border-radius 0.3s, opacity 0.3s;}.elementor-12 .elementor-element.elementor-element-319b20d8{--spacer-size:294px;}@media(max-width:1024px){.elementor-12 .elementor-element.elementor-element-7c67e62b{padding:200px 0px 130px 0px;}.elementor-12 .elementor-element.elementor-element-17dcb479{margin-top:0px;margin-bottom:0px;padding:0px 0px 0px 0px;}.elementor-12 .elementor-element.elementor-element-7116c572 > .elementor-element-populated{padding:5% 10% 5% 10%;}.elementor-12 .elementor-element.elementor-element-76f73694:not(.elementor-motion-effects-element-type-background) > .elementor-widget-wrap, .elementor-12 .elementor-element.elementor-element-76f73694 > .elementor-widget-wrap > .elementor-motion-effects-container > .elementor-motion-effects-layer{background-position:0px 0px;}}@media(max-width:767px){.elementor-12 .elementor-element.elementor-element-47f5e790 .elementor-icon-list-item > .elementor-icon-list-text, .elementor-12 .elementor-element.elementor-element-47f5e790 .elementor-icon-list-item > a{font-size:12px;}.elementor-12 .elementor-element.elementor-element-17dcb479{margin-top:0px;margin-bottom:0px;padding:0px 0px 0px 0px;}.elementor-12 .elementor-element.elementor-element-7116c572 > .elementor-element-populated{padding:10% 10% 10% 10%;}.elementor-12 .elementor-element.elementor-element-113d63eb .jeg-elementor-kit.jkit-heading .heading-section-description{max-width:94%;}.elementor-12 .elementor-element.elementor-element-113d63eb .jeg-elementor-kit.jkit-heading .heading-section-title{margin:0px 0px 0px 0px;}.elementor-12 .elementor-element.elementor-element-76f73694:not(.elementor-motion-effects-element-type-background) > .elementor-widget-wrap, .elementor-12 .elementor-element.elementor-element-76f73694 > .elementor-widget-wrap > .elementor-motion-effects-container > .elementor-motion-effects-layer{background-position:0px 0px;}.elementor-12 .elementor-element.elementor-element-319b20d8{--spacer-size:208px;}}@media(min-width:768px){.elementor-12 .elementor-element.elementor-element-7116c572{width:53%;}.elementor-12 .elementor-element.elementor-element-76f73694{width:47%;}}@media(max-width:1024px) and (min-width:768px){.elementor-12 .elementor-element.elementor-element-7116c572{width:100%;}.elementor-12 .elementor-element.elementor-element-76f73694{width:100%;}}@media(min-width:1025px){.elementor-12 .elementor-element.elementor-element-7c67e62b:not(.elementor-motion-effects-element-type-background), .elementor-12 .elementor-element.elementor-element-7c67e62b > .elementor-motion-effects-container > .elementor-motion-effects-layer{background-attachment:fixed;}.elementor-12 .elementor-element.elementor-element-76f73694:not(.elementor-motion-effects-element-type-background) > .elementor-widget-wrap, .elementor-12 .elementor-element.elementor-element-76f73694 > .elementor-widget-wrap > .elementor-motion-effects-container > .elementor-motion-effects-layer{background-attachment:scroll;}}<\/style>\t\t<div data-elementor-type=\"wp-page\" data-elementor-id=\"12\" class=\"elementor elementor-12\" data-elementor-post-type=\"page\">\n\t\t\t\t\t\t<section class=\"elementor-section elementor-top-section elementor-element elementor-element-7c67e62b elementor-section-boxed elementor-section-height-default elementor-section-height-default\" data-id=\"7c67e62b\" data-element_type=\"section\" data-e-type=\"section\" data-settings=\"{&quot;background_background&quot;:&quot;classic&quot;,&quot;shape_divider_bottom&quot;:&quot;tilt&quot;}\">\n\t\t\t\t\t\t\t<div class=\"elementor-background-overlay\"><\/div>\n\t\t\t\t\t\t<div class=\"elementor-shape elementor-shape-bottom\" aria-hidden=\"true\" data-negative=\"false\">\n\t\t\t<svg xmlns=\"http:\/\/www.w3.org\/2000\/svg\" viewBox=\"0 0 1000 100\" preserveAspectRatio=\"none\">\n\t<path class=\"elementor-shape-fill\" d=\"M0,6V0h1000v100L0,6z\"\/>\n<\/svg>\t\t<\/div>\n\t\t\t\t\t<div class=\"elementor-container elementor-column-gap-no\">\n\t\t\t\t\t<div class=\"elementor-column elementor-col-100 elementor-top-column elementor-element elementor-element-2085e083\" data-id=\"2085e083\" data-element_type=\"column\" data-e-type=\"column\">\n\t\t\t<div class=\"elementor-widget-wrap elementor-element-populated\">\n\t\t\t\t\t\t<div class=\"elementor-element elementor-element-7c38764 elementor-invisible elementor-widget elementor-widget-heading\" data-id=\"7c38764\" data-element_type=\"widget\" data-e-type=\"widget\" data-settings=\"{&quot;_animation&quot;:&quot;fadeInDown&quot;}\" data-widget_type=\"heading.default\">\n\t\t\t\t<div class=\"elementor-widget-container\">\n\t\t\t\t\t<h2 class=\"elementor-heading-title elementor-size-default\">Conoce Nuestro Origen<\/h2>\t\t\t\t<\/div>\n\t\t\t\t<\/div>\n\t\t\t\t<div class=\"elementor-element elementor-element-47f5e790 elementor-icon-list--layout-inline elementor-align-center elementor-list-item-link-full_width elementor-invisible elementor-widget elementor-widget-icon-list\" data-id=\"47f5e790\" data-element_type=\"widget\" data-e-type=\"widget\" data-settings=\"{&quot;_animation&quot;:&quot;fadeInUp&quot;}\" data-widget_type=\"icon-list.default\">\n\t\t\t\t<div class=\"elementor-widget-container\">\n\t\t\t\t\t\t\t<ul class=\"elementor-icon-list-items elementor-inline-items\">\n\t\t\t\t\t\t\t<li class=\"elementor-icon-list-item elementor-inline-item\">\n\t\t\t\t\t\t\t\t\t\t\t<a href=\"https:\/\/xaketxo.com\/\">\n\n\t\t\t\t\t\t\t\t\t\t\t<span class=\"elementor-icon-list-text\">Inicio<\/span>\n\t\t\t\t\t\t\t\t\t\t\t<\/a>\n\t\t\t\t\t\t\t\t\t<\/li>\n\t\t\t\t\t\t\t\t<li class=\"elementor-icon-list-item elementor-inline-item\">\n\t\t\t\t\t\t\t\t\t\t\t<a href=\"https:\/\/xaketxo.com\/actividades\/\">\n\n\t\t\t\t\t\t\t\t\t\t\t\t<span class=\"elementor-icon-list-icon\">\n\t\t\t\t\t\t\t<i aria-hidden=\"true\" class=\"jki jki-angle-right-solid\"><\/i>\t\t\t\t\t\t<\/span>\n\t\t\t\t\t\t\t\t\t\t<span class=\"elementor-icon-list-text\">Actividades<\/span>\n\t\t\t\t\t\t\t\t\t\t\t<\/a>\n\t\t\t\t\t\t\t\t\t<\/li>\n\t\t\t\t\t\t\t\t<li class=\"elementor-icon-list-item elementor-inline-item\">\n\t\t\t\t\t\t\t\t\t\t\t<a href=\"https:\/\/xaketxo.com\/xaketxoko\/\">\n\n\t\t\t\t\t\t\t\t\t\t\t\t<span class=\"elementor-icon-list-icon\">\n\t\t\t\t\t\t\t<i aria-hidden=\"true\" class=\"jki jki-angle-right-solid\"><\/i>\t\t\t\t\t\t<\/span>\n\t\t\t\t\t\t\t\t\t\t<span class=\"elementor-icon-list-text\">Xaketxoko<\/span>\n\t\t\t\t\t\t\t\t\t\t\t<\/a>\n\t\t\t\t\t\t\t\t\t<\/li>\n\t\t\t\t\t\t\t\t<li class=\"elementor-icon-list-item elementor-inline-item\">\n\t\t\t\t\t\t\t\t\t\t\t<a href=\"https:\/\/xaketxo.com\/contacto\/\">\n\n\t\t\t\t\t\t\t\t\t\t\t\t<span class=\"elementor-icon-list-icon\">\n\t\t\t\t\t\t\t<i aria-hidden=\"true\" class=\"jki jki-angle-right-solid\"><\/i>\t\t\t\t\t\t<\/span>\n\t\t\t\t\t\t\t\t\t\t<span class=\"elementor-icon-list-text\">Contacto<\/span>\n\t\t\t\t\t\t\t\t\t\t\t<\/a>\n\t\t\t\t\t\t\t\t\t<\/li>\n\t\t\t\t\t\t<\/ul>\n\t\t\t\t\t\t<\/div>\n\t\t\t\t<\/div>\n\t\t\t\t\t<\/div>\n\t\t<\/div>\n\t\t\t\t\t<\/div>\n\t\t<\/section>\n\t\t\t\t<section class=\"elementor-section elementor-top-section elementor-element elementor-element-17dcb479 elementor-section-full_width elementor-section-height-default elementor-section-height-default\" data-id=\"17dcb479\" data-element_type=\"section\" data-e-type=\"section\">\n\t\t\t\t\t\t<div class=\"elementor-container elementor-column-gap-no\">\n\t\t\t\t\t<div class=\"elementor-column elementor-col-50 elementor-top-column elementor-element elementor-element-7116c572\" data-id=\"7116c572\" data-element_type=\"column\" data-e-type=\"column\">\n\t\t\t<div class=\"elementor-widget-wrap elementor-element-populated\">\n\t\t\t\t\t\t<div class=\"elementor-element elementor-element-113d63eb elementor-invisible elementor-widget elementor-widget-jkit_heading\" data-id=\"113d63eb\" data-element_type=\"widget\" data-e-type=\"widget\" data-settings=\"{&quot;_animation&quot;:&quot;fadeInRight&quot;}\" data-widget_type=\"jkit_heading.default\">\n\t\t\t\t<div class=\"elementor-widget-container\">\n\t\t\t\t\t<div  class=\"jeg-elementor-kit jkit-heading  align-center align-tablet- align-mobile- jeg_module___69e53068d6fdd\" ><div class=\"heading-section-title  display-inline-block\"><h2 class=\"heading-title\"><\/h2><\/div><div class=\"heading-section-description\"><p>Soy Asier Gonzalez, Licenciado en Psicolog\u00eda con 20 a\u00f1os de experiencia como educador y psic\u00f3logo, especialmente trabajando con ni\u00f1os, adolescentes y familias. Mi pasi\u00f3n por el ajedrez naci\u00f3 a los 8 a\u00f1os, cuando mi aita me revel\u00f3 sus primeros secretos. Desde aquel momento he aprendido, jugado, competido y ense\u00f1ado.<\/p><p>En el curso 2022\/23, decid\u00ed fusionar dos de mis grandes pasiones, Ajedrez y Uribe-Kosta.<\/p><p>Mi objetivo era difundir el ajedrez en esta comarca y su entorno, tanto entre el p\u00fablico infantil, como el adulto. Viendo el \u00e9xito del curso 2022\/23, en el siguiente decidimos volver a ofertar la actividad. \u00bfEl resultado? Que m\u00e1s escuelas y clubes confiaran en nuestros planteamientos, duplicando ampliamente el n\u00famero de inscripciones.<\/p><p>Desde que esta experiencia echara a andar, m\u00e1s de 100 familias han confiado en Xaketxo, nuestra Escuela de Ajedrez. Ahora se abre ante nosotros un horizonte ilusionante, hacia el que queremos avanzar con toda nuestra experiencia, trabajo y creatividad.<\/p><\/div><\/div>\t\t\t\t<\/div>\n\t\t\t\t<\/div>\n\t\t\t\t\t<\/div>\n\t\t<\/div>\n\t\t\t\t<div class=\"elementor-column elementor-col-50 elementor-top-column elementor-element elementor-element-76f73694\" data-id=\"76f73694\" data-element_type=\"column\" data-e-type=\"column\" data-settings=\"{&quot;background_background&quot;:&quot;classic&quot;}\">\n\t\t\t<div class=\"elementor-widget-wrap elementor-element-populated\">\n\t\t\t\t\t\t<div class=\"elementor-element elementor-element-319b20d8 elementor-widget elementor-widget-spacer\" data-id=\"319b20d8\" data-element_type=\"widget\" data-e-type=\"widget\" data-widget_type=\"spacer.default\">\n\t\t\t\t<div class=\"elementor-widget-container\">\n\t\t\t\t\t\t\t<div class=\"elementor-spacer\">\n\t\t\t<div class=\"elementor-spacer-inner\"><\/div>\n\t\t<\/div>\n\t\t\t\t\t\t<\/div>\n\t\t\t\t<\/div>\n\t\t\t\t\t<\/div>\n\t\t<\/div>\n\t\t\t\t\t<\/div>\n\t\t<\/section>\n\t\t\t\t<\/div>\n\t\t","protected":false},"excerpt":{"rendered":"<p>Conoce Nuestro Origen Inicio Actividades Xaketxoko Contacto Soy Asier Gonzalez, Licenciado en Psicolog\u00eda con 20 a\u00f1os de experiencia como educador y psic\u00f3logo, especialmente trabajando con ni\u00f1os, adolescentes y familias. Mi pasi\u00f3n por el ajedrez naci\u00f3 a los 8 a\u00f1os, cuando mi aita me revel\u00f3 sus primeros secretos. Desde aquel momento he aprendido, jugado, competido y [&hellip;]<\/p>\n","protected":false},"author":1,"featured_media":0,"parent":0,"menu_order":0,"comment_status":"closed","ping_status":"closed","template":"elementor_canvas","meta":{"footnotes":""},"class_list":["post-12","page","type-page","status-publish","hentry"],"yoast_head":"<!-- This site is optimized with the Yoast SEO plugin v27.4 - https:\/\/yoast.com\/product\/yoast-seo-wordpress\/ -->\n<title>Origen - Xaketxo<\/title>\n<meta name=\"robots\" content=\"index, follow, max-snippet:-1, max-image-preview:large, max-video-preview:-1\" \/>\n<link rel=\"canonical\" href=\"https:\/\/xaketxo.com\/eus\/origen\/\" \/>\n<meta property=\"og:locale\" content=\"en_US\" \/>\n<meta property=\"og:type\" content=\"article\" \/>\n<meta property=\"og:title\" content=\"Origen - Xaketxo\" \/>\n<meta property=\"og:description\" content=\"Conoce Nuestro Origen Inicio Actividades Xaketxoko Contacto Soy Asier Gonzalez, Licenciado en Psicolog\u00eda con 20 a\u00f1os de experiencia como educador y psic\u00f3logo, especialmente trabajando con ni\u00f1os, adolescentes y familias. Mi pasi\u00f3n por el ajedrez naci\u00f3 a los 8 a\u00f1os, cuando mi aita me revel\u00f3 sus primeros secretos. Desde aquel momento he aprendido, jugado, competido y [&hellip;]\" \/>\n<meta property=\"og:url\" content=\"https:\/\/xaketxo.com\/eus\/origen\/\" \/>\n<meta property=\"og:site_name\" content=\"Xaketxo\" \/>\n<meta property=\"article:modified_time\" content=\"2024-07-02T16:16:34+00:00\" \/>\n<meta name=\"twitter:card\" content=\"summary_large_image\" \/>\n<meta name=\"twitter:label1\" content=\"Est. reading time\" \/>\n\t<meta name=\"twitter:data1\" content=\"1 minutua\" \/>\n<script type=\"application\/ld+json\" class=\"yoast-schema-graph\">{\"@context\":\"https:\\\/\\\/schema.org\",\"@graph\":[{\"@type\":\"WebPage\",\"@id\":\"https:\\\/\\\/xaketxo.com\\\/origen\\\/\",\"url\":\"https:\\\/\\\/xaketxo.com\\\/origen\\\/\",\"name\":\"Origen - Xaketxo\",\"isPartOf\":{\"@id\":\"https:\\\/\\\/xaketxo.com\\\/#website\"},\"datePublished\":\"2024-06-07T10:30:52+00:00\",\"dateModified\":\"2024-07-02T16:16:34+00:00\",\"breadcrumb\":{\"@id\":\"https:\\\/\\\/xaketxo.com\\\/origen\\\/#breadcrumb\"},\"inLanguage\":\"eu\",\"potentialAction\":[{\"@type\":\"ReadAction\",\"target\":[\"https:\\\/\\\/xaketxo.com\\\/origen\\\/\"]}]},{\"@type\":\"BreadcrumbList\",\"@id\":\"https:\\\/\\\/xaketxo.com\\\/origen\\\/#breadcrumb\",\"itemListElement\":[{\"@type\":\"ListItem\",\"position\":1,\"name\":\"Portada\",\"item\":\"https:\\\/\\\/xaketxo.com\\\/\"},{\"@type\":\"ListItem\",\"position\":2,\"name\":\"Origen\"}]},{\"@type\":\"WebSite\",\"@id\":\"https:\\\/\\\/xaketxo.com\\\/#website\",\"url\":\"https:\\\/\\\/xaketxo.com\\\/\",\"name\":\"Xaketxo\",\"description\":\"Ap\u00fantate y mejora tus t\u00e9cnicas de ajedrez con un m\u00e9todo pr\u00e1ctico y flexible.\",\"publisher\":{\"@id\":\"https:\\\/\\\/xaketxo.com\\\/#organization\"},\"potentialAction\":[{\"@type\":\"SearchAction\",\"target\":{\"@type\":\"EntryPoint\",\"urlTemplate\":\"https:\\\/\\\/xaketxo.com\\\/?s={search_term_string}\"},\"query-input\":{\"@type\":\"PropertyValueSpecification\",\"valueRequired\":true,\"valueName\":\"search_term_string\"}}],\"inLanguage\":\"eu\"},{\"@type\":\"Organization\",\"@id\":\"https:\\\/\\\/xaketxo.com\\\/#organization\",\"name\":\"Xaketxo\",\"url\":\"https:\\\/\\\/xaketxo.com\\\/\",\"logo\":{\"@type\":\"ImageObject\",\"inLanguage\":\"eu\",\"@id\":\"https:\\\/\\\/xaketxo.com\\\/#\\\/schema\\\/logo\\\/image\\\/\",\"url\":\"https:\\\/\\\/xaketxo.com\\\/wp-content\\\/uploads\\\/2024\\\/06\\\/cropped-cropped-Xadrez2-02.png\",\"contentUrl\":\"https:\\\/\\\/xaketxo.com\\\/wp-content\\\/uploads\\\/2024\\\/06\\\/cropped-cropped-Xadrez2-02.png\",\"width\":512,\"height\":512,\"caption\":\"Xaketxo\"},\"image\":{\"@id\":\"https:\\\/\\\/xaketxo.com\\\/#\\\/schema\\\/logo\\\/image\\\/\"}}]}<\/script>\n<!-- \/ Yoast SEO plugin. -->","yoast_head_json":{"title":"Origen - Xaketxo","robots":{"index":"index","follow":"follow","max-snippet":"max-snippet:-1","max-image-preview":"max-image-preview:large","max-video-preview":"max-video-preview:-1"},"canonical":"https:\/\/xaketxo.com\/eus\/origen\/","og_locale":"en_US","og_type":"article","og_title":"Origen - Xaketxo","og_description":"Conoce Nuestro Origen Inicio Actividades Xaketxoko Contacto Soy Asier Gonzalez, Licenciado en Psicolog\u00eda con 20 a\u00f1os de experiencia como educador y psic\u00f3logo, especialmente trabajando con ni\u00f1os, adolescentes y familias. Mi pasi\u00f3n por el ajedrez naci\u00f3 a los 8 a\u00f1os, cuando mi aita me revel\u00f3 sus primeros secretos. Desde aquel momento he aprendido, jugado, competido y [&hellip;]","og_url":"https:\/\/xaketxo.com\/eus\/origen\/","og_site_name":"Xaketxo","article_modified_time":"2024-07-02T16:16:34+00:00","twitter_card":"summary_large_image","twitter_misc":{"Est. reading time":"1 minutua"},"schema":{"@context":"https:\/\/schema.org","@graph":[{"@type":"WebPage","@id":"https:\/\/xaketxo.com\/origen\/","url":"https:\/\/xaketxo.com\/origen\/","name":"Origen - Xaketxo","isPartOf":{"@id":"https:\/\/xaketxo.com\/#website"},"datePublished":"2024-06-07T10:30:52+00:00","dateModified":"2024-07-02T16:16:34+00:00","breadcrumb":{"@id":"https:\/\/xaketxo.com\/origen\/#breadcrumb"},"inLanguage":"eu","potentialAction":[{"@type":"ReadAction","target":["https:\/\/xaketxo.com\/origen\/"]}]},{"@type":"BreadcrumbList","@id":"https:\/\/xaketxo.com\/origen\/#breadcrumb","itemListElement":[{"@type":"ListItem","position":1,"name":"Portada","item":"https:\/\/xaketxo.com\/"},{"@type":"ListItem","position":2,"name":"Origen"}]},{"@type":"WebSite","@id":"https:\/\/xaketxo.com\/#website","url":"https:\/\/xaketxo.com\/","name":"Xaketxorekin","description":"Ap\u00fantate y mejora tus t\u00e9cnicas de ajedrez con un m\u00e9todo pr\u00e1ctico y flexible.","publisher":{"@id":"https:\/\/xaketxo.com\/#organization"},"potentialAction":[{"@type":"SearchAction","target":{"@type":"EntryPoint","urlTemplate":"https:\/\/xaketxo.com\/?s={search_term_string}"},"query-input":{"@type":"PropertyValueSpecification","valueRequired":true,"valueName":"search_term_string"}}],"inLanguage":"eu"},{"@type":"Organization","@id":"https:\/\/xaketxo.com\/#organization","name":"Xaketxorekin","url":"https:\/\/xaketxo.com\/","logo":{"@type":"ImageObject","inLanguage":"eu","@id":"https:\/\/xaketxo.com\/#\/schema\/logo\/image\/","url":"https:\/\/xaketxo.com\/wp-content\/uploads\/2024\/06\/cropped-cropped-Xadrez2-02.png","contentUrl":"https:\/\/xaketxo.com\/wp-content\/uploads\/2024\/06\/cropped-cropped-Xadrez2-02.png","width":512,"height":512,"caption":"Xaketxo"},"image":{"@id":"https:\/\/xaketxo.com\/#\/schema\/logo\/image\/"}}]}},"_links":{"self":[{"href":"https:\/\/xaketxo.com\/eus\/wp-json\/wp\/v2\/pages\/12","targetHints":{"allow":["GET"]}}],"collection":[{"href":"https:\/\/xaketxo.com\/eus\/wp-json\/wp\/v2\/pages"}],"about":[{"href":"https:\/\/xaketxo.com\/eus\/wp-json\/wp\/v2\/types\/page"}],"author":[{"embeddable":true,"href":"https:\/\/xaketxo.com\/eus\/wp-json\/wp\/v2\/users\/1"}],"replies":[{"embeddable":true,"href":"https:\/\/xaketxo.com\/eus\/wp-json\/wp\/v2\/comments?post=12"}],"version-history":[{"count":188,"href":"https:\/\/xaketxo.com\/eus\/wp-json\/wp\/v2\/pages\/12\/revisions"}],"predecessor-version":[{"id":1339,"href":"https:\/\/xaketxo.com\/eus\/wp-json\/wp\/v2\/pages\/12\/revisions\/1339"}],"wp:attachment":[{"href":"https:\/\/xaketxo.com\/eus\/wp-json\/wp\/v2\/media?parent=12"}],"curies":[{"name":"wp","href":"https:\/\/api.w.org\/{rel}","templated":true}]}}